{"id":18915,"date":"2024-06-20T15:23:26","date_gmt":"2024-06-20T13:23:26","guid":{"rendered":"https:\/\/www.luminokrom.com\/?page_id=18915"},"modified":"2025-10-21T09:44:03","modified_gmt":"2025-10-21T07:44:03","slug":"carte-des-realisations","status":"publish","type":"page","link":"https:\/\/www.luminokrom.com\/fr\/carte-des-realisations\/","title":{"rendered":"Carte des r\u00e9alisations"},"content":{"rendered":"<div id=\"pl-18915\"  class=\"panel-layout\" ><div id=\"pg-18915-0\"  class=\"panel-grid panel-has-style legende_carte-nc-wrap\" ><div class=\"legende_carte panel-row-style panel-row-style-for-18915-0\" ><div id=\"pgc-18915-0-0\"  class=\"panel-grid-cell\" ><div id=\"panel-18915-0-0-0\" class=\"so-panel widget widget_sow-editor panel-first-child panel-last-child\" data-index=\"0\" ><div\n\t\t\t\n\t\t\tclass=\"so-widget-sow-editor so-widget-sow-editor-base\"\n\t\t\t\n\t\t>\n<div class=\"siteorigin-widget-tinymce textwidget\">\n\t<ul>\n<li><img decoding=\"async\" class=\"alignnone size-full wp-image-18947\" src=\"https:\/\/www.luminokrom.com\/wp-content\/uploads\/2024\/06\/Composant-84-\u2013-70.svg\" alt=\"\" width=\"43\" height=\"43\" \/>Marquage au sol<\/li>\n<li><img decoding=\"async\" class=\"alignnone wp-image-18944 size-full\" src=\"https:\/\/www.luminokrom.com\/wp-content\/uploads\/2024\/06\/Composant-84-\u2013-68.svg\" alt=\"Pin bleu marine\" width=\"43\" height=\"43\" \/>S\u00e9curit\u00e9 industrielle<\/li>\n<li><img decoding=\"async\" class=\"alignnone size-full wp-image-18945\" src=\"https:\/\/www.luminokrom.com\/wp-content\/uploads\/2024\/06\/Composant-140-\u2013-1.svg\" alt=\"\" width=\"43\" height=\"43\" \/>Design et d\u00e9coration<\/li>\n<li><img decoding=\"async\" class=\"alignnone size-full wp-image-18926\" src=\"https:\/\/www.luminokrom.com\/wp-content\/uploads\/2024\/06\/Composant-84-\u2013-69.svg\" alt=\"\" width=\"43\" height=\"43\" \/>Am\u00e9nagement urbain<\/li>\n<\/ul>\n<\/div>\n<\/div><\/div><\/div><\/div><\/div><\/div>","protected":false},"excerpt":{"rendered":"<p>Marquage au sol S\u00e9curit\u00e9 industrielle Design et d\u00e9coration Am\u00e9nagement urbain<\/p>\n","protected":false},"author":4,"featured_media":0,"parent":0,"menu_order":40,"comment_status":"closed","ping_status":"closed","template":"page-implantation.php","meta":{"_acf_changed":false,"inline_featured_image":false,"footnotes":""},"class_list":["post-18915","page","type-page","status-publish","hentry"],"acf":[],"_links":{"self":[{"href":"https:\/\/www.luminokrom.com\/fr\/wp-json\/wp\/v2\/pages\/18915","targetHints":{"allow":["GET"]}}],"collection":[{"href":"https:\/\/www.luminokrom.com\/fr\/wp-json\/wp\/v2\/pages"}],"about":[{"href":"https:\/\/www.luminokrom.com\/fr\/wp-json\/wp\/v2\/types\/page"}],"author":[{"embeddable":true,"href":"https:\/\/www.luminokrom.com\/fr\/wp-json\/wp\/v2\/users\/4"}],"replies":[{"embeddable":true,"href":"https:\/\/www.luminokrom.com\/fr\/wp-json\/wp\/v2\/comments?post=18915"}],"version-history":[{"count":5,"href":"https:\/\/www.luminokrom.com\/fr\/wp-json\/wp\/v2\/pages\/18915\/revisions"}],"predecessor-version":[{"id":33918,"href":"https:\/\/www.luminokrom.com\/fr\/wp-json\/wp\/v2\/pages\/18915\/revisions\/33918"}],"wp:attachment":[{"href":"https:\/\/www.luminokrom.com\/fr\/wp-json\/wp\/v2\/media?parent=18915"}],"curies":[{"name":"wp","href":"https:\/\/api.w.org\/{rel}","templated":true}]}}