{"id":25078,"date":"2024-09-23T16:13:17","date_gmt":"2024-09-23T14:13:17","guid":{"rendered":"https:\/\/www.luminokrom.com\/?page_id=25078"},"modified":"2024-11-14T12:46:27","modified_gmt":"2024-11-14T10:46:27","slug":"nos-engagements","status":"publish","type":"page","link":"https:\/\/www.luminokrom.com\/fr\/nos-engagements\/","title":{"rendered":"Nos engagements"},"content":{"rendered":"<div id=\"pl-25078\"  class=\"panel-layout\" ><div id=\"pg-25078-0\"  class=\"panel-grid panel-has-style pointille_haut_gauche_simple-nc-wrap\" ><div class=\"pointille_haut_gauche_simple panel-row-style panel-row-style-for-25078-0\" ><div id=\"pgc-25078-0-0\"  class=\"panel-grid-cell\" ><div id=\"panel-25078-0-0-0\" class=\"so-panel widget widget_siteorigin-panels-builder panel-first-child panel-last-child\" data-index=\"0\" ><div class=\"taille_grille panel-widget-style panel-widget-style-for-25078-0-0-0\" ><div id=\"pl-w671a03eeebe2d\"  class=\"panel-layout\" ><div id=\"pg-w671a03eeebe2d-0\"  class=\"panel-grid panel-no-style\" ><div id=\"pgc-w671a03eeebe2d-0-0\"  class=\"panel-grid-cell\" ><div id=\"panel-w671a03eeebe2d-0-0-0\" class=\"so-panel widget widget_sow-editor panel-first-child panel-last-child\" data-index=\"0\" ><div\n\t\t\t\n\t\t\tclass=\"so-widget-sow-editor so-widget-sow-editor-base\"\n\t\t\t\n\t\t>\n<div class=\"siteorigin-widget-tinymce textwidget\">\n\t<p><a href=\"https:\/\/www.luminokrom.com\/wp-content\/uploads\/2024\/09\/valeurs-olikrom.png\"><img decoding=\"async\" class=\"alignnone wp-image-25099 size-full\" src=\"https:\/\/www.luminokrom.com\/wp-content\/uploads\/2024\/09\/valeurs-olikrom.png\" alt=\"Les valeurs olikrom\" width=\"383\" height=\"575\" srcset=\"https:\/\/www.luminokrom.com\/wp-content\/uploads\/2024\/09\/valeurs-olikrom.png 383w, https:\/\/www.luminokrom.com\/wp-content\/uploads\/2024\/09\/valeurs-olikrom-200x300.png 200w\" sizes=\"(max-width: 383px) 100vw, 383px\" \/><\/a><\/p>\n<\/div>\n<\/div><\/div><\/div><div id=\"pgc-w671a03eeebe2d-0-1\"  class=\"panel-grid-cell\" ><div id=\"panel-w671a03eeebe2d-0-1-0\" class=\"so-panel widget widget_sow-editor panel-first-child panel-last-child\" data-index=\"1\" ><div class=\"texte_blanc panel-widget-style panel-widget-style-for-w671a03eeebe2d-0-1-0\" ><div\n\t\t\t\n\t\t\tclass=\"so-widget-sow-editor so-widget-sow-editor-base\"\n\t\t\t\n\t\t>\n<div class=\"siteorigin-widget-tinymce textwidget\">\n\t<div class=\"h1-like\"><strong style=\"font-size: 1em;\">Les engagements OliKrom<\/strong><\/div>\n<div>\n<p>&nbsp;<\/p>\n<p>Nos \u00e9quipes s\u2019engagent \u00e0 vos c\u00f4t\u00e9s. Nous pla\u00e7ons au centre de notre d\u00e9marche la satisfaction client, l\u2019esprit d\u2019innovation, la sinc\u00e9rit\u00e9 et la bienveillance de nos partenaires et nos collaborateurs.<\/p>\n<p>La\u00a0peinture photoluminescente\u00a0LuminoKrom\u00ae\u00a0est produite dans le respect de\u00a0<strong>nos valeurs et nos engagements.<\/strong><\/p>\n<p>La\u00a0<strong>d\u00e9marche qualit\u00e9<\/strong> est l\u2019une de nos exigences. Le d\u00e9lai moyen d\u2019exp\u00e9dition de la peinture\u00a0LuminoKrom<sup>\u00ae<\/sup>\u00a0est de 7 jours ouvr\u00e9s. Les performances de nos produits photoluminescents sont\u00a0<strong>garanties par un certificat <\/strong>d\u00e9livr\u00e9 par la soci\u00e9t\u00e9 OliKrom. Les produits\u00a0LuminoKrom<sup>\u00ae<\/sup>\u00a0sont caract\u00e9ris\u00e9s en respectant le protocole de la\u00a0norme internationale ISO 17398.<\/p>\n<\/div>\n<p>&nbsp;<\/p>\n<div class=\"btn_bordure_blanc_fleche\"><a href=\"https:\/\/www.luminokrom.com\/fr\/la-societe-olikrom\/\" target=\"_blank\" rel=\"noopener\">D\u00e9couvrir notre univers<\/a><\/div>\n<\/div>\n<\/div><\/div><\/div><\/div><\/div><\/div><\/div><\/div><\/div><\/div><\/div><div id=\"pg-25078-1\"  class=\"panel-grid panel-no-style\" ><div id=\"pgc-25078-1-0\"  class=\"panel-grid-cell\" ><div id=\"panel-25078-1-0-0\" class=\"so-panel widget widget_siteorigin-panels-builder panel-first-child panel-last-child\" data-index=\"1\" ><div class=\"taille_grille panel-widget-style panel-widget-style-for-25078-1-0-0\" ><div id=\"pl-w66f684ca72f22\"  class=\"panel-layout\" ><div id=\"pg-w66f684ca72f22-0\"  class=\"panel-grid panel-no-style\" ><div id=\"pgc-w66f684ca72f22-0-0\"  class=\"panel-grid-cell\" ><div id=\"panel-w66f684ca72f22-0-0-0\" class=\"so-panel widget widget_sow-editor panel-first-child panel-last-child\" data-index=\"0\" ><div class=\"texte_blanc panel-widget-style panel-widget-style-for-w66f684ca72f22-0-0-0\" ><div\n\t\t\t\n\t\t\tclass=\"so-widget-sow-editor so-widget-sow-editor-base\"\n\t\t\t\n\t\t>\n<div class=\"siteorigin-widget-tinymce textwidget\">\n\t<div class=\"h2-like\" style=\"text-align: center;\">Les valeurs partag\u00e9es chez OliKrom<\/div>\n<\/div>\n<\/div><\/div><\/div><\/div><\/div><div id=\"pg-w66f684ca72f22-1\"  class=\"panel-grid panel-has-style trois_bloc_produit-nc-wrap -nc-wrap\" ><div class=\"trois_bloc_produit  panel-row-style panel-row-style-for-w66f684ca72f22-1\" ><div id=\"pgc-w66f684ca72f22-1-0\"  class=\"panel-grid-cell\" ><div id=\"panel-w66f684ca72f22-1-0-0\" class=\"so-panel widget widget_sow-editor panel-first-child panel-last-child\" data-index=\"1\" ><div class=\"texte panel-widget-style panel-widget-style-for-w66f684ca72f22-1-0-0\" ><div\n\t\t\t\n\t\t\tclass=\"so-widget-sow-editor so-widget-sow-editor-base\"\n\t\t\t\n\t\t>\n<div class=\"siteorigin-widget-tinymce textwidget\">\n\t<p><img decoding=\"async\" class=\"wp-image-25088 size-full aligncenter\" src=\"https:\/\/www.luminokrom.com\/wp-content\/uploads\/2024\/09\/icone-poignee-de-main.png\" alt=\"Icone poign\u00e9e de main\" width=\"64\" height=\"64\" \/><\/p>\n<p style=\"text-align: center;\"><strong><span style=\"font-size: 20px;\">La satisfaction client<\/span><\/strong><\/p>\n<p style=\"text-align: center;\">Gage de d\u00e9veloppement, de sa p\u00e9rennit\u00e9 et donc de sa capacit\u00e9 \u00e0 tenir ses engagements vis-\u00e0-vis de ses parties prenantes, la <strong>satisfaction du client<\/strong> mobilise l\u2019ensemble des ressources et comp\u00e9tences d\u2019OliKrom. Nous mettons un point d'honneur \u00e0 \u00e9couter et prendre en compte vos retours.<\/p>\n<p>&nbsp;<\/p>\n<p style=\"text-align: center;\"><span style=\"font-size: 20px;\"><strong>La culture client :<\/strong><\/span><\/p>\n<ul>\n<li style=\"text-align: left;\">C\u2019est placer le sens du service au centre de nos pr\u00e9occupations, de nos m\u00e9tiers.<\/li>\n<li style=\"text-align: left;\">C\u2019est \u00eatre attentif aux besoins de chaque client, interne comme externe, pour adapter notre offre avec la plus grande r\u00e9activit\u00e9.<\/li>\n<li style=\"text-align: left;\">C\u2019est favoriser la connaissance mutuelle entre clients et fournisseurs et promouvoir l\u2019\u00e9coute et le dialogue.<\/li>\n<li style=\"text-align: left;\">C\u2019est innover pour capter de nouveaux march\u00e9s.<\/li>\n<li style=\"text-align: left;\">C\u2019est \u00eatre l\u2019ambassadeur de nos marques pour contribuer \u00e0 leur rayonnement.<\/li>\n<\/ul>\n<\/div>\n<\/div><\/div><\/div><\/div><div id=\"pgc-w66f684ca72f22-1-1\"  class=\"panel-grid-cell\" ><div id=\"panel-w66f684ca72f22-1-1-0\" class=\"so-panel widget widget_sow-editor panel-first-child panel-last-child\" data-index=\"2\" ><div class=\"texte panel-widget-style panel-widget-style-for-w66f684ca72f22-1-1-0\" ><div\n\t\t\t\n\t\t\tclass=\"so-widget-sow-editor so-widget-sow-editor-base\"\n\t\t\t\n\t\t>\n<div class=\"siteorigin-widget-tinymce textwidget\">\n\t<p><img decoding=\"async\" class=\"wp-image-25090 size-full aligncenter\" src=\"https:\/\/www.luminokrom.com\/wp-content\/uploads\/2024\/09\/icone-innovation.png\" alt=\"Icone ampoule innovation\" width=\"64\" height=\"64\" \/><\/p>\n<p style=\"text-align: center;\"><span style=\"font-size: 20px;\"><strong>L\u2019esprit d\u2019innovation<\/strong><\/span><\/p>\n<p style=\"text-align: center;\">L<strong>\u2019innovation<\/strong>\u00a0est au c\u0153ur de notre mod\u00e8le de d\u00e9veloppement. L\u2019entreprise a le devoir d\u2019\u00eatre tourn\u00e9e vers la recherche de solutions nouvelles et la volont\u00e9 d\u2019anticiper, de s\u2019adapter aux \u00e9volutions de notre environnement au sens le plus large du terme, \u00e9conomique, \u00e9cologique, soci\u00e9tal.<\/p>\n<p>&nbsp;<\/p>\n<p style=\"text-align: center;\"><span style=\"font-size: 20px;\"><strong>L\u2019audace :<\/strong><\/span><\/p>\n<ul>\n<li style=\"text-align: left;\">C\u2019est l\u2019envie de repousser toujours plus loin ses limites, de refuser le statu quo par une dynamique d\u2019am\u00e9lioration permanente.<\/li>\n<li style=\"text-align: left;\">C\u2019est savoir sortir du cadre en \u00e9tant curieux, en ayant l'envie de d\u00e9couvrir et se surpasser.<\/li>\n<li style=\"text-align: left;\">C\u2019est encourager la cr\u00e9ativit\u00e9 et les initiatives pour une meilleure performance collective.<\/li>\n<li style=\"text-align: left;\">C\u2019est cultiver l\u2019agilit\u00e9 pour s\u2019adapter rapidement aux changements de notre environnement.<\/li>\n<li style=\"text-align: center;\">L\u2019audace, c\u2019est tout simplement oser !<\/li>\n<\/ul>\n<\/div>\n<\/div><\/div><\/div><\/div><div id=\"pgc-w66f684ca72f22-1-2\"  class=\"panel-grid-cell\" ><div id=\"panel-w66f684ca72f22-1-2-0\" class=\"so-panel widget widget_sow-editor panel-first-child panel-last-child\" data-index=\"3\" ><div class=\"texte panel-widget-style panel-widget-style-for-w66f684ca72f22-1-2-0\" ><div\n\t\t\t\n\t\t\tclass=\"so-widget-sow-editor so-widget-sow-editor-base\"\n\t\t\t\n\t\t>\n<div class=\"siteorigin-widget-tinymce textwidget\">\n\t<p><img decoding=\"async\" class=\"wp-image-25092 size-full aligncenter\" src=\"https:\/\/www.luminokrom.com\/wp-content\/uploads\/2024\/09\/icone-communication.png\" alt=\"Icone communication\" width=\"64\" height=\"64\" \/><\/p>\n<p style=\"text-align: center;\"><span style=\"font-size: 20px;\"><strong>La sinc\u00e9rit\u00e9 et la bienveillance<\/strong><\/span><\/p>\n<p style=\"text-align: center;\">La transparence, la\u00a0<strong>sinc\u00e9rit\u00e9<\/strong> et l\u2019ouverture au dialogue caract\u00e9risent la politique de communication d\u2019OliKrom. Toute l'\u00e9quipe s\u2019attache \u00e0 fournir des informations fiables\u00a0 permettant d\u2019appr\u00e9cier les performances de la soci\u00e9t\u00e9 dans ses domaines de responsabilit\u00e9 \u00e9conomique et sociale.<\/p>\n<p>&nbsp;<\/p>\n<p style=\"text-align: center;\"><span style=\"font-size: 20px;\"><strong>La\u00a0bienveillance :<\/strong><\/span><\/p>\n<ul>\n<li style=\"text-align: left;\">C\u2019est mettre l\u2019humain au c\u0153ur de l\u2019environnement et des relations de travail, pour plus de convivialit\u00e9 au quotidien.<\/li>\n<li style=\"text-align: left;\">C\u2019est favoriser le partage, l\u2019\u00e9coute constructive et l\u2019accessibilit\u00e9 entre collaborateurs.<\/li>\n<li style=\"text-align: left;\">C\u2019est encourager l\u2019empathie pour trouver du soutien en cas de difficult\u00e9s, afin d'encourager le travail d'\u00e9quipe<\/li>\n<li style=\"text-align: left;\">C\u2019est pouvoir s\u2019exprimer librement, avec transparence et sinc\u00e9rit\u00e9.<\/li>\n<li style=\"text-align: left;\">C'est tout simplement la communication et le partage...<\/li>\n<\/ul>\n<\/div>\n<\/div><\/div><\/div><\/div><\/div><\/div><\/div><\/div><\/div><\/div><\/div><div id=\"pg-25078-2\"  class=\"panel-grid panel-no-style\" ><div id=\"pgc-25078-2-0\"  class=\"panel-grid-cell\" ><div id=\"panel-25078-2-0-0\" class=\"so-panel widget widget_sow-editor panel-first-child panel-last-child\" data-index=\"2\" ><div\n\t\t\t\n\t\t\tclass=\"so-widget-sow-editor so-widget-sow-editor-base\"\n\t\t\t\n\t\t>\n<div class=\"siteorigin-widget-tinymce textwidget\">\n\t<p style=\"text-align: center;\"><a href=\"https:\/\/www.luminokrom.com\/wp-content\/uploads\/2024\/06\/pointilles-centre-vague.svg\"><img decoding=\"async\" class=\"alignnone size-full wp-image-18750\" src=\"https:\/\/www.luminokrom.com\/wp-content\/uploads\/2024\/06\/pointilles-centre-vague.svg\" alt=\"\" width=\"865\" height=\"219\" \/><\/a><\/p>\n<\/div>\n<\/div><\/div><\/div><\/div><div id=\"pg-25078-3\"  class=\"panel-grid panel-has-style rectangle_degrade_haut_gauche-nc-wrap marge_cote-nc-wrap\" ><div class=\"rectangle_degrade_haut_gauche marge_cote panel-row-style panel-row-style-for-25078-3\" ><div id=\"pgc-25078-3-0\"  class=\"panel-grid-cell\" ><div id=\"panel-25078-3-0-0\" class=\"so-panel widget widget_siteorigin-panels-builder panel-first-child panel-last-child\" data-index=\"3\" ><div class=\"taille_grille bloc_actu_page panel-widget-style panel-widget-style-for-25078-3-0-0\" ><div id=\"pl-w671a03eeecd0d\"  class=\"panel-layout\" ><div id=\"pg-w671a03eeecd0d-0\"  class=\"panel-grid panel-no-style\" ><div id=\"pgc-w671a03eeecd0d-0-0\"  class=\"panel-grid-cell\" ><div id=\"panel-w671a03eeecd0d-0-0-0\" class=\"so-panel widget widget_sow-editor panel-first-child\" data-index=\"0\" ><div\n\t\t\t\n\t\t\tclass=\"so-widget-sow-editor so-widget-sow-editor-base\"\n\t\t\t\n\t\t>\n<div class=\"siteorigin-widget-tinymce textwidget\">\n\t<div class=\"h2-like\">Toute l\u2019actualit\u00e9 LuminoKrom\u00ae<\/div>\n<\/div>\n<\/div><\/div><!-- not cached-nc_news-widget --><div id=\"panel-w671a03eeecd0d-0-0-1\" class=\"so-panel widget widget_netconcept_news net-concept-news listing_article_actu\" data-index=\"1\" ><div class=\"widget-title\"> <\/div><div class=\"list_items no_slide\"><div class=\"item \"><div class=\"bloc_actu\">\n <a href=\"https:\/\/www.luminokrom.com\/fr\/blog\/la-peinture-au-coeur-de-la-decoration-d-interieur\/\" title=\"lien article\">\n        <div class=\"bloc_image\" style=\"background:url('https:\/\/www.luminokrom.com\/wp-content\/uploads\/2026\/02\/decoration-interieure-peinture-384x276.png'); width:100%;\" >\n\n        <\/div>\n        <div class=\"bloc_texte\">\n            \n            <div class=\"bloc_titre_extrait\">\n                <div class=\"titre\">\n                    La peinture : au c\u0153ur de la d\u00e9coration int\u00e9rieure\n                <\/div>\n                <div class=\"extrait\">\n                     &nbsp; En d\u00e9coration int\u00e9rieure, la peinture est devenue un \u00e9l\u00e9ment d\u00e9coratif \u00e0 part enti\u00e8re, capable de d\u00e9finir un style, de cr\u00e9er une ambiance et de structurer un int\u00e9rieur. \u00c0 [&hellip;]\n                <\/div>\n                <div class=\"btn_more\">\n                  Lire l'article  \n                <\/div>\n            <\/div>\n        <\/div>\n    <\/a>\n<\/div><\/div><div class=\"item \"><div class=\"bloc_actu\">\n <a href=\"https:\/\/www.luminokrom.com\/fr\/blog\/luminokrom-au-big-5-dubai-2025\/\" title=\"lien article\">\n        <div class=\"bloc_image\" style=\"background:url('https:\/\/www.luminokrom.com\/wp-content\/uploads\/2025\/10\/participation-big5-preview-384x276.png'); width:100%;\" >\n\n        <\/div>\n        <div class=\"bloc_texte\">\n            \n            <div class=\"bloc_titre_extrait\">\n                <div class=\"titre\">\n                    LuminoKrom\u00ae participe au Big 5 2025 \u00e0 Duba\u00ef !\n                <\/div>\n                <div class=\"extrait\">\n                     &nbsp; OliKrom participera au Big 5 2025 \u00e0 Duba\u00ef, le plus grand salon international du secteur de la construction, pour pr\u00e9senter LuminoKrom\u00ae, la peinture photoluminescente qui s\u00e9curise les d\u00e9placements [&hellip;]\n                <\/div>\n                <div class=\"btn_more\">\n                  Lire l'article  \n                <\/div>\n            <\/div>\n        <\/div>\n    <\/a>\n<\/div><\/div><div class=\"item \"><div class=\"bloc_actu\">\n <a href=\"https:\/\/www.luminokrom.com\/fr\/blog\/guillaume-kasbarian-en-visite-chez-olikrom\/\" title=\"lien article\">\n        <div class=\"bloc_image\" style=\"background:url('https:\/\/www.luminokrom.com\/wp-content\/uploads\/2024\/12\/preview-visite-luminokrom-384x276.png'); width:100%;\" >\n\n        <\/div>\n        <div class=\"bloc_texte\">\n            \n            <div class=\"bloc_titre_extrait\">\n                <div class=\"titre\">\n                    Guillaume Kasbarian en visite chez Olikrom : un engagement innovation\n                <\/div>\n                <div class=\"extrait\">\n                     &nbsp; Le si\u00e8ge d\u2019Olikrom a eu l\u2019honneur d\u2019accueillir Guillaume Kasbarian, Ministre de la Fonction publique, de la Simplification et de la Transformation de l\u2019action publique. Une rencontre strat\u00e9gique o\u00f9 [&hellip;]\n                <\/div>\n                <div class=\"btn_more\">\n                  Lire l'article  \n                <\/div>\n            <\/div>\n        <\/div>\n    <\/a>\n<\/div><\/div><\/div><\/div><!-- \/not cached-nc_news-widget --><div id=\"panel-w671a03eeecd0d-0-0-2\" class=\"so-panel widget widget_sow-editor panel-last-child\" data-index=\"2\" ><div\n\t\t\t\n\t\t\tclass=\"so-widget-sow-editor so-widget-sow-editor-base\"\n\t\t\t\n\t\t>\n<div class=\"siteorigin-widget-tinymce textwidget\">\n\t<div class=\"btn_degrade_vert_fleche\" style=\"text-align: center;\"><a href=\"https:\/\/www.luminokrom.com\/fr\/blog\/\" target=\"_blank\" rel=\"noopener\">Toute l\u2019actualit\u00e9<\/a><\/div>\n<\/div>\n<\/div><\/div><\/div><\/div><\/div><\/div><\/div><\/div><\/div><\/div><div id=\"pg-25078-4\"  class=\"panel-grid panel-has-style taille_grille-nc-wrap\" ><div class=\"taille_grille panel-row-style panel-row-style-for-25078-4\" ><div id=\"pgc-25078-4-0\"  class=\"panel-grid-cell\" ><div id=\"panel-25078-4-0-0\" class=\"so-panel widget widget_siteorigin-panels-builder panel-first-child panel-last-child\" data-index=\"4\" ><div class=\"taille_grille texte_blanc panel-widget-style panel-widget-style-for-25078-4-0-0\" ><div id=\"pl-w671a03eeedb03\"  class=\"panel-layout\" ><div id=\"pg-w671a03eeedb03-0\"  class=\"panel-grid panel-no-style\" ><div id=\"pgc-w671a03eeedb03-0-0\"  class=\"panel-grid-cell\" ><div id=\"panel-w671a03eeedb03-0-0-0\" class=\"so-panel widget widget_sow-editor panel-first-child panel-last-child\" data-index=\"0\" ><div\n\t\t\t\n\t\t\tclass=\"so-widget-sow-editor so-widget-sow-editor-base\"\n\t\t\t\n\t\t>\n<div class=\"siteorigin-widget-tinymce textwidget\">\n\t<div class=\"h1-like\" style=\"text-align: center;\">OliKrom, l'entreprise tourn\u00e9e vers l'avenir<\/div>\n<p style=\"text-align: center;\">Notre entreprise OliKrom se distingue par son engagement envers <strong>l'innovation et la performance<\/strong>. \u00c0 la crois\u00e9e de la science et de l'industrie, la soci\u00e9t\u00e9 place la recherche au c\u0153ur de ses actions pour cr\u00e9er des solutions intelligentes et \u00e9coresponsables. Nos rev\u00eatements photoluminescents, capables de s'adapter \u00e0 leur environnement, refl\u00e8tent notre esprit visionnaire. OliKrom valorise \u00e9galement <a href=\"https:\/\/www.luminokrom.com\/fr\/site-de-production-luminokrom\/\" target=\"_blank\" rel=\"noopener\">la qualit\u00e9, la s\u00e9curit\u00e9 et la fiabilit\u00e9<\/a>, assurant ainsi des partenariats solides et p\u00e9rennes.<\/p>\n<p style=\"text-align: center;\">Collaborer avec OliKrom, c'est choisir un acteur engag\u00e9 dans l'<strong>optimisation des performances<\/strong> tout en respectant l\u2019environnement, garantissant des solutions sur mesure et des relations fond\u00e9es sur la confiance et l'innovation partag\u00e9e.<\/p>\n<\/div>\n<\/div><\/div><\/div><\/div><\/div><\/div><\/div><\/div><\/div><\/div><div id=\"pg-25078-5\"  class=\"panel-grid panel-has-style widget_bloc_video-nc-wrap\" ><div class=\"widget_bloc_video panel-row-style panel-row-style-for-25078-5\" ><div id=\"pgc-25078-5-0\"  class=\"panel-grid-cell\" ><div id=\"panel-25078-5-0-0\" class=\"so-panel widget widget_siteorigin-panels-builder panel-first-child panel-last-child\" data-index=\"5\" ><div id=\"pl-w66f683f0af830\"  class=\"panel-layout\" ><div id=\"pg-w66f683f0af830-0\"  class=\"panel-grid panel-no-style\" ><div id=\"pgc-w66f683f0af830-0-0\"  class=\"panel-grid-cell\" ><div id=\"panel-w66f683f0af830-0-0-0\" class=\"so-panel widget widget_sow-editor panel-first-child panel-last-child\" data-index=\"0\" ><div\n\t\t\t\n\t\t\tclass=\"so-widget-sow-editor so-widget-sow-editor-base\"\n\t\t\t\n\t\t>\n<div class=\"siteorigin-widget-tinymce textwidget\">\n\t<p style=\"text-align: center;\"><a href=\"https:\/\/youtu.be\/4NX6UV46S_k?feature=shared\"><img decoding=\"async\" class=\"wp-image-25102 size-full aligncenter\" src=\"https:\/\/www.luminokrom.com\/wp-content\/uploads\/2024\/09\/laboratoire-olikrom.png\" alt=\"Laboratoire peinture LuminoKrom\" width=\"2000\" height=\"583\" srcset=\"https:\/\/www.luminokrom.com\/wp-content\/uploads\/2024\/09\/laboratoire-olikrom.png 2000w, https:\/\/www.luminokrom.com\/wp-content\/uploads\/2024\/09\/laboratoire-olikrom-300x87.png 300w, https:\/\/www.luminokrom.com\/wp-content\/uploads\/2024\/09\/laboratoire-olikrom-1024x298.png 1024w, https:\/\/www.luminokrom.com\/wp-content\/uploads\/2024\/09\/laboratoire-olikrom-1536x448.png 1536w, https:\/\/www.luminokrom.com\/wp-content\/uploads\/2024\/09\/laboratoire-olikrom-400x117.png 400w\" sizes=\"(max-width: 2000px) 100vw, 2000px\" \/><\/a><\/p>\n<\/div>\n<\/div><\/div><\/div><\/div><\/div><\/div><\/div><\/div><\/div><div id=\"pg-25078-6\"  class=\"panel-grid panel-has-style marge_cote-nc-wrap image_bas_droite-nc-wrap\" ><div class=\"marge_cote image_bas_droite panel-row-style panel-row-style-for-25078-6\" ><div id=\"pgc-25078-6-0\"  class=\"panel-grid-cell\" ><div id=\"panel-25078-6-0-0\" class=\"so-panel widget widget_sow-editor panel-first-child panel-last-child\" data-index=\"6\" ><div class=\"taille_grille bloc_notre_equipe_vous_ecoute panel-widget-style panel-widget-style-for-25078-6-0-0\" ><div\n\t\t\t\n\t\t\tclass=\"so-widget-sow-editor so-widget-sow-editor-base\"\n\t\t\t\n\t\t>\n<div class=\"siteorigin-widget-tinymce textwidget\">\n\t<div class=\"intermediaire_vert\">Notre \u00e9quipe est \u00e0 votre \u00e9coute !<\/div>\n<div class=\"h2-like\">Vous avez un projet de marquage luminescent,<br \/>\ndes questions concernant nos produits ?<\/div>\n<div><\/div>\n<div class=\"btn_degrade_vert_fleche\"><a href=\"https:\/\/www.luminokrom.com\/fr\/contact\/\">Contactez nous<\/a><\/div>\n<\/div>\n<\/div><\/div><\/div><\/div><\/div><\/div><\/div>","protected":false},"excerpt":{"rendered":"<p>Les engagements OliKrom &nbsp; Nos \u00e9quipes s\u2019engagent \u00e0 vos c\u00f4t\u00e9s. Nous pla\u00e7ons au centre de notre d\u00e9marche la satisfaction client, l\u2019esprit d\u2019innovation, la sinc\u00e9rit\u00e9 et la bienveillance de nos [&hellip;]<\/p>\n","protected":false},"author":10,"featured_media":0,"parent":0,"menu_order":52,"comment_status":"closed","ping_status":"closed","template":"","meta":{"_acf_changed":false,"inline_featured_image":false,"footnotes":""},"class_list":["post-25078","page","type-page","status-publish","hentry"],"acf":[],"_links":{"self":[{"href":"https:\/\/www.luminokrom.com\/fr\/wp-json\/wp\/v2\/pages\/25078","targetHints":{"allow":["GET"]}}],"collection":[{"href":"https:\/\/www.luminokrom.com\/fr\/wp-json\/wp\/v2\/pages"}],"about":[{"href":"https:\/\/www.luminokrom.com\/fr\/wp-json\/wp\/v2\/types\/page"}],"author":[{"embeddable":true,"href":"https:\/\/www.luminokrom.com\/fr\/wp-json\/wp\/v2\/users\/10"}],"replies":[{"embeddable":true,"href":"https:\/\/www.luminokrom.com\/fr\/wp-json\/wp\/v2\/comments?post=25078"}],"version-history":[{"count":5,"href":"https:\/\/www.luminokrom.com\/fr\/wp-json\/wp\/v2\/pages\/25078\/revisions"}],"predecessor-version":[{"id":28958,"href":"https:\/\/www.luminokrom.com\/fr\/wp-json\/wp\/v2\/pages\/25078\/revisions\/28958"}],"wp:attachment":[{"href":"https:\/\/www.luminokrom.com\/fr\/wp-json\/wp\/v2\/media?parent=25078"}],"curies":[{"name":"wp","href":"https:\/\/api.w.org\/{rel}","templated":true}]}}