{"id":30279,"date":"2024-11-27T13:30:19","date_gmt":"2024-11-27T11:30:19","guid":{"rendered":"https:\/\/www.luminokrom.com\/?page_id=30279"},"modified":"2026-01-06T11:51:41","modified_gmt":"2026-01-06T09:51:41","slug":"validation-contact-technologie","status":"publish","type":"page","link":"https:\/\/www.luminokrom.com\/fr\/validation-contact-technologie\/","title":{"rendered":"Validation contact Projet"},"content":{"rendered":"<div id=\"pl-30279\"  class=\"panel-layout\" ><div id=\"pg-30279-0\"  class=\"panel-grid panel-has-style taille_grille-nc-wrap\" ><div class=\"taille_grille panel-row-style panel-row-style-for-30279-0\" ><div id=\"pgc-30279-0-0\"  class=\"panel-grid-cell\" ><div id=\"panel-30279-0-0-0\" class=\"so-panel widget widget_siteorigin-panels-builder panel-first-child panel-last-child\" data-index=\"0\" ><div class=\"taille_grille texte_blanc panel-widget-style panel-widget-style-for-30279-0-0-0\" ><div id=\"pl-w695cdb2d67e6f\"  class=\"panel-layout\" ><div id=\"pg-w695cdb2d67e6f-0\"  class=\"panel-grid panel-no-style\" ><div id=\"pgc-w695cdb2d67e6f-0-0\"  class=\"panel-grid-cell\" ><div id=\"panel-w695cdb2d67e6f-0-0-0\" class=\"so-panel widget widget_sow-editor panel-first-child panel-last-child\" data-index=\"0\" ><div\n\t\t\t\n\t\t\tclass=\"so-widget-sow-editor so-widget-sow-editor-base\"\n\t\t\t\n\t\t>\n<div class=\"siteorigin-widget-tinymce textwidget\">\n\t<p><img decoding=\"async\" class=\"alignnone wp-image-28852 size-full\" src=\"https:\/\/www.luminokrom.com\/wp-content\/uploads\/2024\/10\/contact-message.png\" alt=\"Envoi message\" width=\"64\" height=\"64\" \/><\/p>\n<\/div>\n<\/div><\/div><\/div><div id=\"pgc-w695cdb2d67e6f-0-1\"  class=\"panel-grid-cell\" ><div id=\"panel-w695cdb2d67e6f-0-1-0\" class=\"so-panel widget widget_sow-editor panel-first-child panel-last-child\" data-index=\"1\" ><div\n\t\t\t\n\t\t\tclass=\"so-widget-sow-editor so-widget-sow-editor-base\"\n\t\t\t\n\t\t>\n<div class=\"siteorigin-widget-tinymce textwidget\">\n\t<h2>Votre demande de contact a bien \u00e9t\u00e9 transmise.<\/h2>\n<p>Nous vous remercions pour votre message et vous confirmons que celui-ci a bien \u00e9t\u00e9 transmis aux \u00e9quipes concern\u00e9es.<\/p>\n<p>Un expert reviendra vers vous dans les plus brefs d\u00e9lais.<\/p>\n<p>En attendant, suivez-nous sur les r\u00e9seaux sociaux :<\/p>\n<p><a href=\"https:\/\/www.linkedin.com\/showcase\/luminokrom\/\" target=\"_blank\" rel=\"noopener\"><img decoding=\"async\" class=\"alignnone wp-image-18684\" src=\"https:\/\/www.luminokrom.com\/wp-content\/uploads\/2017\/06\/linkedin.svg\" alt=\"contact\" width=\"40\" height=\"40\" \/><\/a>\u00a0 \u00a0 \u00a0 \u00a0 \u00a0 \u00a0 \u00a0<a href=\"https:\/\/www.facebook.com\/luminokrom\/\" target=\"_blank\" rel=\"noopener\"><img decoding=\"async\" class=\"alignnone wp-image-18688\" src=\"https:\/\/www.luminokrom.com\/wp-content\/uploads\/2017\/06\/facebook.svg\" alt=\"contact facebook\" width=\"20\" height=\"40\" \/><\/a>\u00a0 \u00a0 \u00a0 \u00a0 \u00a0 \u00a0 <a href=\"https:\/\/www.youtube.com\/@olikrom-smart-colors\" target=\"_blank\" rel=\"noopener\"><img decoding=\"async\" class=\"alignnone wp-image-18686\" src=\"https:\/\/www.luminokrom.com\/wp-content\/uploads\/2017\/06\/youtube-seeklogo.com_.svg\" alt=\"contact youtube\" width=\"60\" height=\"40\" \/><\/a><\/p>\n<\/div>\n<\/div><\/div><\/div><\/div><\/div><\/div><\/div><\/div><\/div><\/div><\/div>","protected":false},"excerpt":{"rendered":"<p>Votre demande de contact a bien \u00e9t\u00e9 transmise. Nous vous remercions pour votre message et vous confirmons que celui-ci a bien \u00e9t\u00e9 transmis aux \u00e9quipes concern\u00e9es. Un expert reviendra [&hellip;]<\/p>\n","protected":false},"author":10,"featured_media":0,"parent":0,"menu_order":74,"comment_status":"closed","ping_status":"closed","template":"","meta":{"_acf_changed":false,"inline_featured_image":false,"footnotes":""},"class_list":["post-30279","page","type-page","status-publish","hentry"],"acf":[],"_links":{"self":[{"href":"https:\/\/www.luminokrom.com\/fr\/wp-json\/wp\/v2\/pages\/30279","targetHints":{"allow":["GET"]}}],"collection":[{"href":"https:\/\/www.luminokrom.com\/fr\/wp-json\/wp\/v2\/pages"}],"about":[{"href":"https:\/\/www.luminokrom.com\/fr\/wp-json\/wp\/v2\/types\/page"}],"author":[{"embeddable":true,"href":"https:\/\/www.luminokrom.com\/fr\/wp-json\/wp\/v2\/users\/10"}],"replies":[{"embeddable":true,"href":"https:\/\/www.luminokrom.com\/fr\/wp-json\/wp\/v2\/comments?post=30279"}],"version-history":[{"count":3,"href":"https:\/\/www.luminokrom.com\/fr\/wp-json\/wp\/v2\/pages\/30279\/revisions"}],"predecessor-version":[{"id":34878,"href":"https:\/\/www.luminokrom.com\/fr\/wp-json\/wp\/v2\/pages\/30279\/revisions\/34878"}],"wp:attachment":[{"href":"https:\/\/www.luminokrom.com\/fr\/wp-json\/wp\/v2\/media?parent=30279"}],"curies":[{"name":"wp","href":"https:\/\/api.w.org\/{rel}","templated":true}]}}