{"id":30622,"date":"2024-12-02T13:09:36","date_gmt":"2024-12-02T11:09:36","guid":{"rendered":"https:\/\/www.luminokrom.com\/?page_id=30622"},"modified":"2025-11-27T12:13:28","modified_gmt":"2025-11-27T10:13:28","slug":"telechargement-documents-techniques-bombe-aerosol","status":"publish","type":"page","link":"https:\/\/www.luminokrom.com\/fr\/validation-fiche-technique-bombeaerosol","title":{"rendered":"T\u00e9l\u00e9chargement documents techniques &#8211; Bombe a\u00e9rosol"},"content":{"rendered":"<div id=\"pl-30622\"  class=\"panel-layout\" ><div id=\"pg-30622-0\"  class=\"panel-grid panel-has-style taille_grille-nc-wrap\" ><div class=\"taille_grille panel-row-style panel-row-style-for-30622-0\" ><div id=\"pgc-30622-0-0\"  class=\"panel-grid-cell\" ><div id=\"panel-30622-0-0-0\" class=\"so-panel widget widget_siteorigin-panels-builder panel-first-child panel-last-child\" data-index=\"0\" ><div class=\"taille_grille texte_blanc panel-widget-style panel-widget-style-for-30622-0-0-0\" ><div id=\"pl-w69282448c0a50\"  class=\"panel-layout\" ><div id=\"pg-w69282448c0a50-0\"  class=\"panel-grid panel-no-style\" ><div id=\"pgc-w69282448c0a50-0-0\"  class=\"panel-grid-cell\" ><div id=\"panel-w69282448c0a50-0-0-0\" class=\"so-panel widget widget_sow-editor panel-first-child panel-last-child\" data-index=\"0\" ><div\n\t\t\t\n\t\t\tclass=\"so-widget-sow-editor so-widget-sow-editor-base\"\n\t\t\t\n\t\t>\n<div class=\"siteorigin-widget-tinymce textwidget\">\n\t<p><a href=\"https:\/\/www.luminokrom.com\/wp-content\/uploads\/2024\/12\/service-technique.png\"><img decoding=\"async\" class=\"alignnone wp-image-30579 size-full\" src=\"https:\/\/www.luminokrom.com\/wp-content\/uploads\/2024\/12\/service-technique.png\" alt=\"icone fiche technique\" width=\"64\" height=\"64\" \/><\/a><\/p>\n<\/div>\n<\/div><\/div><\/div><div id=\"pgc-w69282448c0a50-0-1\"  class=\"panel-grid-cell\" ><div id=\"panel-w69282448c0a50-0-1-0\" class=\"so-panel widget widget_sow-editor panel-first-child panel-last-child\" data-index=\"1\" ><div\n\t\t\t\n\t\t\tclass=\"so-widget-sow-editor so-widget-sow-editor-base\"\n\t\t\t\n\t\t>\n<div class=\"siteorigin-widget-tinymce textwidget\">\n\t<h2>Merci de votre int\u00e9r\u00eat pour notre bombe de peinture photoluminescente !<\/h2>\n<p>Retrouvez ci-dessous les documents techniques :<\/p>\n<ul>\n<li><a href=\"https:\/\/www.luminokrom.com\/wp-content\/uploads\/2024\/12\/FT10000186@LuminoKrom_VertAmande_Aerosol_V1.0.pdf\" target=\"_blank\" rel=\"noopener\">Bombe de peinture vert amande<\/a><\/li>\n<\/ul>\n<p>&nbsp;<\/p>\n<p>En savoir plus sur nos conditions g\u00e9n\u00e9rales de vente : <a href=\"https:\/\/www.luminokrom.com\/wp-content\/uploads\/2025\/11\/cgv-luminokrom-nov2025_FR.pdf\" target=\"_blank\" rel=\"noopener\">CGV<\/a><\/p>\n<p>&nbsp;<\/p>\n<p>SI vous avez des questions ou besoin d'informations compl\u00e9mentaires, notre \u00e9quipe se tient disponible pour \u00e9changer avec vous .<\/p>\n<div class=\"btn_degrade_vert_fleche\"><a href=\"https:\/\/www.luminokrom.com\/fr\/contact\/\">Je contacte un expert<\/a><\/div>\n<\/div>\n<\/div><\/div><\/div><\/div><\/div><\/div><\/div><\/div><\/div><\/div><\/div>","protected":false},"excerpt":{"rendered":"<p>Merci de votre int\u00e9r\u00eat pour notre bombe de peinture photoluminescente ! Retrouvez ci-dessous les documents techniques : Bombe de peinture vert amande &nbsp; En savoir plus sur nos conditions [&hellip;]<\/p>\n","protected":false},"author":10,"featured_media":0,"parent":0,"menu_order":72,"comment_status":"closed","ping_status":"closed","template":"","meta":{"_acf_changed":false,"inline_featured_image":false,"footnotes":""},"class_list":["post-30622","page","type-page","status-publish","hentry"],"acf":[],"_links":{"self":[{"href":"https:\/\/www.luminokrom.com\/fr\/wp-json\/wp\/v2\/pages\/30622","targetHints":{"allow":["GET"]}}],"collection":[{"href":"https:\/\/www.luminokrom.com\/fr\/wp-json\/wp\/v2\/pages"}],"about":[{"href":"https:\/\/www.luminokrom.com\/fr\/wp-json\/wp\/v2\/types\/page"}],"author":[{"embeddable":true,"href":"https:\/\/www.luminokrom.com\/fr\/wp-json\/wp\/v2\/users\/10"}],"replies":[{"embeddable":true,"href":"https:\/\/www.luminokrom.com\/fr\/wp-json\/wp\/v2\/comments?post=30622"}],"version-history":[{"count":2,"href":"https:\/\/www.luminokrom.com\/fr\/wp-json\/wp\/v2\/pages\/30622\/revisions"}],"predecessor-version":[{"id":34568,"href":"https:\/\/www.luminokrom.com\/fr\/wp-json\/wp\/v2\/pages\/30622\/revisions\/34568"}],"wp:attachment":[{"href":"https:\/\/www.luminokrom.com\/fr\/wp-json\/wp\/v2\/media?parent=30622"}],"curies":[{"name":"wp","href":"https:\/\/api.w.org\/{rel}","templated":true}]}}