{"id":34335,"date":"2025-10-24T10:39:22","date_gmt":"2025-10-24T08:39:22","guid":{"rendered":"https:\/\/www.luminokrom.com\/?post_type=product&#038;p=34335"},"modified":"2026-03-19T16:43:42","modified_gmt":"2026-03-19T14:43:42","slug":"ruban-adhesif-photoluminescent-classe-c-interieur-vert-amande","status":"publish","type":"product","link":"https:\/\/www.luminokrom.com\/fr\/produits\/ruban-adhesif-photoluminescent-classe-c-vert-amande\/","title":{"rendered":"Ruban adh\u00e9sif photoluminescent Classe C &#8211; Int\u00e9rieur &#8211; Vert amande"},"content":{"rendered":"<h3><strong>DESCRIPTION PRODUIT &#8211; Ruban adh\u00e9sif photoluminescent pour int\u00e9rieur<\/strong><\/h3>\n<p>Le ruban adh\u00e9sif phosphorescent LuminoKrom\u00ae est une solution simple, rapide et efficace pour <strong>s\u00e9curiser vos espaces professionnels<\/strong> sans travaux ni peinture.<br \/>Charg\u00e9 \u00e0 la lumi\u00e8re naturelle ou artificielle, il \u00e9met dans le noir une luminescence visible jusqu\u2019\u00e0 plusieurs heures, garantissant une signalisation claire et autonome en cas de coupure d\u2019\u00e9clairage. Con\u00e7u pour une <strong>utilisation int\u00e9rieure<\/strong>, il allie adh\u00e9rence, durabilit\u00e9 et performance lumineuse selon les standards de qualit\u00e9 LuminoKrom\u00ae.<\/p>\n<p>Notre ruban photoluminescent vert amande, disponible en diff\u00e9rents types de largeur, est id\u00e9al pour le marquage des murs, marches ou \u00e9quipements dans les environnements industriels, tertiaires ou publics. Il <strong>se recharge en quelques minutes<\/strong> \u00e0 la luminosit\u00e9 ambiante et reste visible plusieurs heures dans le noir, sans \u00e9lectricit\u00e9 ni entretien.<\/p>\n<p>Les rubans adh\u00e9sifs phosphorescents LuminoKrom\u00ae sont des <strong>produits autocollants pr\u00eats \u00e0 l\u2019emploi<\/strong>, compos\u00e9s d\u2019un support souple recouvert d\u2019un rev\u00eatement photoluminescent de haute qualit\u00e9. Gr\u00e2ce \u00e0 sa couleur vert amande de jour et son \u00e9clat vert lumineux de nuit, il s\u2019int\u00e8gre discr\u00e8tement dans vos locaux tout en assurant un <strong>rep\u00e9rage imm\u00e9diat en cas d\u2019urgence<\/strong>.<\/p>\n<p>Ce produit offre une adh\u00e9rence renforc\u00e9e sur de multiples supports : b\u00e9ton peint, carrelage, m\u00e9tal, bois verni ou plastique. Il permet un balisage instantan\u00e9, id\u00e9al pour les zones sensibles ou les couloirs d\u2019\u00e9vacuation.<\/p>\n<p>&nbsp;<\/p>\n<h3><strong><span style=\"font-size: 20px;\">PERFORMANCES DU RUBAN<\/span><\/strong><\/h3>\n<ul>\n<li>Dur\u00e9e de luminescence jusqu\u2019\u00e0 4 heures en int\u00e9rieur, id\u00e9al pour les \u00e9vacuations d&rsquo;urgence<\/li>\n<li>Classe C certifi\u00e9e (Norme CE ISO17398)<\/li>\n<li>Se recharge rapidement \u00e0 la lumi\u00e8re naturelle ou \u00a0artificielle en int\u00e9rieur<\/li>\n<li>Capacit\u00e9 de recharge en quelques minutes seulement<\/li>\n<\/ul>\n","protected":false},"excerpt":{"rendered":"<ul>\n<li><strong>Type\u00a0de produit<\/strong> : Ruban adh\u00e9sif luminescent qui se charge \u00e0 la lumi\u00e8re et s\u2019illumine dans le noir<\/li>\n<li><strong>Couleur du produit :<\/strong> Vert Amande<\/li>\n<li><strong>Usages du produit :<\/strong> Signal\u00e9tique int\u00e9rieure, balisage mural de s\u00e9curit\u00e9, issues de secours, marches et zones de circulation<\/li>\n<li><strong>Largeurs disponibles<\/strong> : 2.5cm \/ 5cm \/ 10cm en rouleaux de 10 ou 20 m\u00e8tres<\/li>\n<\/ul>\n<p>&nbsp;<\/p>\n<p>Ce produit n&rsquo;est pas disponible en ligne.<\/p>\n<div class=\"btn_degrade_vert_fleche\"><a href=\"https:\/\/www.luminokrom.com\/fr\/demande-de-devis\/\" target=\"_blank\" rel=\"noopener\">Faire une demande de devis<\/a><\/div>\n","protected":false},"featured_media":34727,"template":"","meta":{"_acf_changed":false,"inline_featured_image":false},"product_brand":[],"product_cat":[508,401],"product_tag":[],"class_list":{"0":"post-34335","1":"product","2":"type-product","3":"status-publish","4":"has-post-thumbnail","6":"product_cat-adhesif-photoluminescent","7":"product_cat-autres-produits-photoluminescents","8":"product_shipping_class-classe-4","10":"first","11":"instock","12":"product-type-simple"},"acf":[],"_links":{"self":[{"href":"https:\/\/www.luminokrom.com\/fr\/wp-json\/wp\/v2\/product\/34335","targetHints":{"allow":["GET"]}}],"collection":[{"href":"https:\/\/www.luminokrom.com\/fr\/wp-json\/wp\/v2\/product"}],"about":[{"href":"https:\/\/www.luminokrom.com\/fr\/wp-json\/wp\/v2\/types\/product"}],"wp:featuredmedia":[{"embeddable":true,"href":"https:\/\/www.luminokrom.com\/fr\/wp-json\/wp\/v2\/media\/34727"}],"wp:attachment":[{"href":"https:\/\/www.luminokrom.com\/fr\/wp-json\/wp\/v2\/media?parent=34335"}],"wp:term":[{"taxonomy":"product_brand","embeddable":true,"href":"https:\/\/www.luminokrom.com\/fr\/wp-json\/wp\/v2\/product_brand?post=34335"},{"taxonomy":"product_cat","embeddable":true,"href":"https:\/\/www.luminokrom.com\/fr\/wp-json\/wp\/v2\/product_cat?post=34335"},{"taxonomy":"product_tag","embeddable":true,"href":"https:\/\/www.luminokrom.com\/fr\/wp-json\/wp\/v2\/product_tag?post=34335"}],"curies":[{"name":"wp","href":"https:\/\/api.w.org\/{rel}","templated":true}]}}